{"id":577,"date":"2025-03-04T13:20:44","date_gmt":"2025-03-04T13:20:44","guid":{"rendered":"https:\/\/cervepar.appslienzo3.com\/?page_id=577"},"modified":"2025-06-26T12:22:02","modified_gmt":"2025-06-26T12:22:02","slug":"fabrica-paraguaya-de-vidrios-s-a","status":"publish","type":"page","link":"https:\/\/cervepar.appslienzo3.com\/index.php\/quienes-somos\/fabrica-paraguaya-de-vidrios-s-a\/","title":{"rendered":"F\u00e1brica Paraguaya de Vidrios S.A."},"content":{"rendered":"\t\t<div data-elementor-type=\"wp-page\" data-elementor-id=\"577\" class=\"elementor elementor-577\" data-elementor-post-type=\"page\">\n\t\t\t\t<div class=\"elementor-element elementor-element-0bbfe06 e-flex e-con-boxed e-con e-parent\" data-id=\"0bbfe06\" data-element_type=\"container\" data-e-type=\"container\" data-settings=\"{&quot;background_background&quot;:&quot;gradient&quot;,&quot;jet_parallax_layout_list&quot;:[]}\">\n\t\t\t\t\t<div class=\"e-con-inner\">\n\t\t<div class=\"elementor-element elementor-element-26353f4 e-con-full e-flex e-con e-child\" data-id=\"26353f4\" data-element_type=\"container\" data-e-type=\"container\" data-settings=\"{&quot;jet_parallax_layout_list&quot;:[]}\">\n\t\t\t\t<div class=\"elementor-element elementor-element-6ffc036 elementor-widget__width-initial elementor-widget elementor-widget-heading\" data-id=\"6ffc036\" data-element_type=\"widget\" data-e-type=\"widget\" data-widget_type=\"heading.default\">\n\t\t\t\t<div class=\"elementor-widget-container\">\n\t\t\t\t\t<h2 class=\"elementor-heading-title elementor-size-default\">F\u00e1brica \n<strong>Paraguaya de Vidrios (FPV) <\/strong><\/h2>\t\t\t\t<\/div>\n\t\t\t\t<\/div>\n\t\t\t\t<div class=\"elementor-element elementor-element-0fc791f elementor-widget__width-initial elementor-widget elementor-widget-text-editor\" data-id=\"0fc791f\" data-element_type=\"widget\" data-e-type=\"widget\" data-widget_type=\"text-editor.default\">\n\t\t\t\t<div class=\"elementor-widget-container\">\n\t\t\t\t\t\t\t\t\t<p><span style=\"font-weight: 400;\">Aqu\u00ed nacen las botellas de tus cervezas favoritas con la m\u00e1s alta calidad y con compromiso ambiental. FPV es la responsable de la producci\u00f3n del 100% de las botellas envasadas en Cervecer\u00eda Paraguaya y tambi\u00e9n exporta al mercado internacional.\u00a0\u00a0<\/span><\/p>\t\t\t\t\t\t\t\t<\/div>\n\t\t\t\t<\/div>\n\t\t\t\t<\/div>\n\t\t<div class=\"elementor-element elementor-element-35dc3c9 e-con-full e-flex e-con e-child\" data-id=\"35dc3c9\" data-element_type=\"container\" data-e-type=\"container\" data-settings=\"{&quot;background_background&quot;:&quot;classic&quot;,&quot;jet_parallax_layout_list&quot;:[]}\">\n\t\t\t\t<div class=\"elementor-element elementor-element-6327a06 elementor-widget__width-initial elementor-widget elementor-widget-video\" data-id=\"6327a06\" data-element_type=\"widget\" data-e-type=\"widget\" data-settings=\"{&quot;video_type&quot;:&quot;hosted&quot;,&quot;autoplay&quot;:&quot;yes&quot;,&quot;controls&quot;:&quot;yes&quot;}\" data-widget_type=\"video.default\">\n\t\t\t\t<div class=\"elementor-widget-container\">\n\t\t\t\t\t\t\t<div class=\"e-hosted-video elementor-wrapper elementor-open-inline\">\n\t\t\t\t\t<video class=\"elementor-video\" src=\"https:\/\/cervepar.appslienzo3.com\/wp-content\/uploads\/2025\/04\/FPV.mov\" autoplay=\"\" controls=\"\" controlsList=\"nodownload\"><\/video>\n\t\t\t\t<\/div>\n\t\t\t\t\t\t<\/div>\n\t\t\t\t<\/div>\n\t\t\t\t<\/div>\n\t\t\t\t\t<\/div>\n\t\t\t\t<\/div>\n\t\t<div class=\"elementor-element elementor-element-4c93d8a e-flex e-con-boxed e-con e-parent\" data-id=\"4c93d8a\" data-element_type=\"container\" data-e-type=\"container\" data-settings=\"{&quot;jet_parallax_layout_list&quot;:[]}\">\n\t\t\t\t\t<div class=\"e-con-inner\">\n\t\t<div class=\"elementor-element elementor-element-128adb2 e-con-full e-flex e-con e-child\" data-id=\"128adb2\" data-element_type=\"container\" data-e-type=\"container\" data-settings=\"{&quot;jet_parallax_layout_list&quot;:[]}\">\n\t\t\t\t<div class=\"elementor-element elementor-element-7d790dc elementor-widget__width-initial elementor-widget elementor-widget-text-editor\" data-id=\"7d790dc\" data-element_type=\"widget\" data-e-type=\"widget\" data-widget_type=\"text-editor.default\">\n\t\t\t\t<div class=\"elementor-widget-container\">\n\t\t\t\t\t\t\t\t\t<p><span style=\"font-weight: 400;\">Desde el 2024, la ampliaci\u00f3n de producci\u00f3n de la FPV es posible gracias a su <strong>nuevo horno industrial<\/strong> que con tecnolog\u00eda de punta y formato h\u00edbrido se convierte en el horno m\u00e1s grande instalado en Am\u00e9rica y el segundo m\u00e1s grande en el mundo.<\/span><\/p><p><span style=\"font-weight: 400;\">FPV increment\u00f3 en un 40% su capacidad de recolecci\u00f3n de vidrio reciclado as\u00ed como su producci\u00f3n de nuevos envases para el mercado y apunta a expandir su exportaci\u00f3n a m\u00e1s pa\u00edses en el mercado internacional con mayores variedades y formatos de envases, un motivo que nos llena de orgullo.<\/span><\/p>\t\t\t\t\t\t\t\t<\/div>\n\t\t\t\t<\/div>\n\t\t\t\t<\/div>\n\t\t<div class=\"elementor-element elementor-element-f06f0e9 e-con-full e-flex e-con e-child\" data-id=\"f06f0e9\" data-element_type=\"container\" data-e-type=\"container\" data-settings=\"{&quot;jet_parallax_layout_list&quot;:[]}\">\n\t\t\t\t<div class=\"elementor-element elementor-element-15d2172 elementor-arrows-position-inside elementor-pagination-position-outside elementor-widget elementor-widget-image-carousel\" data-id=\"15d2172\" data-element_type=\"widget\" data-e-type=\"widget\" data-settings=\"{&quot;slides_to_show&quot;:&quot;1&quot;,&quot;navigation&quot;:&quot;both&quot;,&quot;autoplay&quot;:&quot;yes&quot;,&quot;pause_on_hover&quot;:&quot;yes&quot;,&quot;pause_on_interaction&quot;:&quot;yes&quot;,&quot;autoplay_speed&quot;:5000,&quot;infinite&quot;:&quot;yes&quot;,&quot;effect&quot;:&quot;slide&quot;,&quot;speed&quot;:500}\" data-widget_type=\"image-carousel.default\">\n\t\t\t\t<div class=\"elementor-widget-container\">\n\t\t\t\t\t\t\t<div class=\"elementor-image-carousel-wrapper swiper\" role=\"region\" aria-roledescription=\"carousel\" aria-label=\"Carrusel de Im\u00e1genes\" dir=\"ltr\">\n\t\t\t<div class=\"elementor-image-carousel swiper-wrapper\" aria-live=\"off\">\n\t\t\t\t\t\t\t\t<div class=\"swiper-slide\" role=\"group\" aria-roledescription=\"slide\" aria-label=\"1 de 2\"><figure class=\"swiper-slide-inner\"><img decoding=\"async\" class=\"swiper-slide-image\" src=\"https:\/\/cervepar.appslienzo3.com\/wp-content\/uploads\/elementor\/thumbs\/DSC06656-r6777zdnvi76mivbu5rnaxsy2y5ybezo0jpnv0xgfk.jpg\" alt=\"DSC06656\" \/><\/figure><\/div><div class=\"swiper-slide\" role=\"group\" aria-roledescription=\"slide\" aria-label=\"2 de 2\"><figure class=\"swiper-slide-inner\"><img decoding=\"async\" class=\"swiper-slide-image\" src=\"https:\/\/cervepar.appslienzo3.com\/wp-content\/uploads\/elementor\/thumbs\/DSC06756-r6777wk5b03bnozfamjrlgikasjuoboh05r7f71my8.jpg\" alt=\"DSC06756\" \/><\/figure><\/div>\t\t\t<\/div>\n\t\t\t\t\t\t\t\t\t\t\t\t<div class=\"elementor-swiper-button elementor-swiper-button-prev\" role=\"button\" tabindex=\"0\">\n\t\t\t\t\t\t<svg aria-hidden=\"true\" class=\"e-font-icon-svg e-eicon-chevron-left\" viewBox=\"0 0 1000 1000\" xmlns=\"http:\/\/www.w3.org\/2000\/svg\"><path d=\"M646 125C629 125 613 133 604 142L308 442C296 454 292 471 292 487 292 504 296 521 308 533L604 854C617 867 629 875 646 875 663 875 679 871 692 858 704 846 713 829 713 812 713 796 708 779 692 767L438 487 692 225C700 217 708 204 708 187 708 171 704 154 692 142 675 129 663 125 646 125Z\"><\/path><\/svg>\t\t\t\t\t<\/div>\n\t\t\t\t\t<div class=\"elementor-swiper-button elementor-swiper-button-next\" role=\"button\" tabindex=\"0\">\n\t\t\t\t\t\t<svg aria-hidden=\"true\" class=\"e-font-icon-svg e-eicon-chevron-right\" viewBox=\"0 0 1000 1000\" xmlns=\"http:\/\/www.w3.org\/2000\/svg\"><path d=\"M696 533C708 521 713 504 713 487 713 471 708 454 696 446L400 146C388 133 375 125 354 125 338 125 325 129 313 142 300 154 292 171 292 187 292 204 296 221 308 233L563 492 304 771C292 783 288 800 288 817 288 833 296 850 308 863 321 871 338 875 354 875 371 875 388 867 400 854L696 533Z\"><\/path><\/svg>\t\t\t\t\t<\/div>\n\t\t\t\t\n\t\t\t\t\t\t\t\t\t<div class=\"swiper-pagination\"><\/div>\n\t\t\t\t\t\t\t\t\t<\/div>\n\t\t\t\t\t\t<\/div>\n\t\t\t\t<\/div>\n\t\t\t\t<\/div>\n\t\t\t\t\t<\/div>\n\t\t\t\t<\/div>\n\t\t\t\t<\/div>\n\t\t","protected":false},"excerpt":{"rendered":"<p>F\u00e1brica Paraguaya de Vidrios (FPV) Aqu\u00ed nacen las botellas de tus cervezas favoritas con la m\u00e1s alta calidad y con compromiso ambiental. FPV es la responsable de la producci\u00f3n del 100% de las botellas envasadas en Cervecer\u00eda Paraguaya y tambi\u00e9n exporta al mercado internacional.\u00a0\u00a0 https:\/\/cervepar.appslienzo3.com\/wp-content\/uploads\/2025\/04\/FPV.mov Desde el 2024, la ampliaci\u00f3n de producci\u00f3n de la FPV [&hellip;]<\/p>\n","protected":false},"author":1,"featured_media":0,"parent":11,"menu_order":0,"comment_status":"closed","ping_status":"closed","template":"elementor_header_footer","meta":{"footnotes":""},"class_list":["post-577","page","type-page","status-publish","hentry"],"_links":{"self":[{"href":"https:\/\/cervepar.appslienzo3.com\/index.php\/wp-json\/wp\/v2\/pages\/577","targetHints":{"allow":["GET"]}}],"collection":[{"href":"https:\/\/cervepar.appslienzo3.com\/index.php\/wp-json\/wp\/v2\/pages"}],"about":[{"href":"https:\/\/cervepar.appslienzo3.com\/index.php\/wp-json\/wp\/v2\/types\/page"}],"author":[{"embeddable":true,"href":"https:\/\/cervepar.appslienzo3.com\/index.php\/wp-json\/wp\/v2\/users\/1"}],"replies":[{"embeddable":true,"href":"https:\/\/cervepar.appslienzo3.com\/index.php\/wp-json\/wp\/v2\/comments?post=577"}],"version-history":[{"count":79,"href":"https:\/\/cervepar.appslienzo3.com\/index.php\/wp-json\/wp\/v2\/pages\/577\/revisions"}],"predecessor-version":[{"id":2440,"href":"https:\/\/cervepar.appslienzo3.com\/index.php\/wp-json\/wp\/v2\/pages\/577\/revisions\/2440"}],"up":[{"embeddable":true,"href":"https:\/\/cervepar.appslienzo3.com\/index.php\/wp-json\/wp\/v2\/pages\/11"}],"wp:attachment":[{"href":"https:\/\/cervepar.appslienzo3.com\/index.php\/wp-json\/wp\/v2\/media?parent=577"}],"curies":[{"name":"wp","href":"https:\/\/api.w.org\/{rel}","templated":true}]}}